{"id":104,"date":"2020-11-16T16:34:48","date_gmt":"2020-11-16T15:34:48","guid":{"rendered":"https:\/\/www.fwg-rosa.com\/?page_id=104"},"modified":"2023-11-13T15:39:12","modified_gmt":"2023-11-13T14:39:12","slug":"protection-des-donnes-personnelles","status":"publish","type":"page","link":"https:\/\/fwg-rosa.com\/fr\/protection-des-donnes-personnelles\/","title":{"rendered":"Protection des donn\u00e9es personnelles"},"content":{"rendered":"<div class=\"fusion-fullwidth fullwidth-box fusion-builder-row-1 fusion-flex-container nonhundred-percent-fullwidth non-hundred-percent-height-scrolling\" style=\"background-color: rgba(255,255,255,0);background-position: center center;background-repeat: no-repeat;border-width: 0px 0px 0px 0px;border-color:#e2e2e2;border-style:solid;\" ><div class=\"fusion-builder-row fusion-row fusion-flex-align-items-flex-start\" style=\"max-width:1236px;margin-left: calc(-3% \/ 2 );margin-right: calc(-3% \/ 2 );\"><div class=\"fusion-layout-column fusion_builder_column fusion-builder-column-0 fusion_builder_column_1_1 1_1 fusion-flex-column\"><div class=\"fusion-column-wrapper fusion-flex-justify-content-flex-start fusion-content-layout-column\" style=\"background-position:left top;background-repeat:no-repeat;-webkit-background-size:cover;-moz-background-size:cover;-o-background-size:cover;background-size:cover;padding: 0px 0px 0px 0px;\"><style type=\"text\/css\">@media only screen and (max-width:1024px) {.fusion-title.fusion-title-1{margin-top:10px!important; margin-right:0px!important;margin-bottom:10px!important;margin-left:0px!important;}}@media only screen and (max-width:640px) {.fusion-title.fusion-title-1{margin-top:10px!important; margin-right:0px!important;margin-bottom:7px!important; margin-left:0px!important;}}<\/style><div class=\"fusion-title title fusion-title-1 fusion-sep-none fusion-title-text fusion-title-size-one\" style=\"margin-top:10px;margin-right:0px;margin-bottom:10px;margin-left:0px;\"><h1 class=\"title-heading-left fusion-responsive-typography-calculated\" style=\"margin:0;--fontSize:48;line-height:1.4;\">Protection des Donn\u00e9es Personnelles<\/h1><\/div><div class=\"fusion-text fusion-text-1\"><p>Chez FWG ROSA, nous prenons la protection de vos donn\u00e9es personnelles tr\u00e8s au s\u00e9rieux. Nous nous engageons \u00e0 respecter scrupuleusement la l\u00e9gislation suisse en mati\u00e8re de protection des donn\u00e9es, notamment la Loi f\u00e9d\u00e9rale sur la protection des donn\u00e9es (LPD), pour garantir la confidentialit\u00e9 et la s\u00e9curit\u00e9 de vos informations personnelles.<\/p>\n<\/div><\/div><style type=\"text\/css\">.fusion-body .fusion-builder-column-0{width:100% !important;margin-top : 0px;margin-bottom : 20px;}.fusion-builder-column-0 > .fusion-column-wrapper {padding-top : 0px !important;padding-right : 0px !important;margin-right : 1.455%;padding-bottom : 0px !important;padding-left : 0px !important;margin-left : 1.455%;}@media only screen and (max-width:1024px) {.fusion-body .fusion-builder-column-0{width:100% !important;}.fusion-builder-column-0 > .fusion-column-wrapper {margin-right : 1.455%;margin-left : 1.455%;}}@media only screen and (max-width:640px) {.fusion-body .fusion-builder-column-0{width:100% !important;}.fusion-builder-column-0 > .fusion-column-wrapper {margin-right : 1.455%;margin-left : 1.455%;}}<\/style><\/div><div class=\"fusion-layout-column fusion_builder_column fusion-builder-column-1 fusion_builder_column_1_1 1_1 fusion-flex-column\"><div class=\"fusion-column-wrapper fusion-flex-justify-content-flex-start fusion-content-layout-column\" style=\"background-position:left top;background-repeat:no-repeat;-webkit-background-size:cover;-moz-background-size:cover;-o-background-size:cover;background-size:cover;padding: 0px 0px 0px 0px;\"><style type=\"text\/css\">@media only screen and (max-width:1024px) {.fusion-title.fusion-title-2{margin-top:10px!important; margin-right:0px!important;margin-bottom:10px!important;margin-left:0px!important;}}@media only screen and (max-width:640px) {.fusion-title.fusion-title-2{margin-top:10px!important; margin-right:0px!important;margin-bottom:7px!important; margin-left:0px!important;}}<\/style><div class=\"fusion-title title fusion-title-2 fusion-sep-none fusion-title-text fusion-title-size-two\" style=\"font-size:24px;margin-top:10px;margin-right:0px;margin-bottom:10px;margin-left:0px;\"><h2 class=\"title-heading-left fusion-responsive-typography-calculated\" style=\"margin:0;font-size:1em;--fontSize:24;--minFontSize:24px;line-height:1.2;\">Collecte et Utilisation des Donn\u00e9es<\/h2><\/div><div class=\"fusion-text fusion-text-2\"><p>Lorsque vous utilisez notre site internet, nous pouvons collecter certaines donn\u00e9es personnelles, telles que votre nom, votre adresse e-mail, ou d&rsquo;autres informations pertinentes pour les finalit\u00e9s sp\u00e9cifiques de notre site et de notre entreprise. Ces donn\u00e9es peuvent \u00eatre collect\u00e9es via des formulaires de contact, des inscriptions \u00e0 des newsletters, ou d&rsquo;autres moyens similaires. Nous ne collectons que les donn\u00e9es strictement n\u00e9cessaires \u00e0 l&rsquo;accomplissement de ces finalit\u00e9s et nous ne les utilisons que dans le cadre pour lequel vous nous les avez fournies ou encore \u00e0 des fins de marketing (en utilisant tout moyen de communication tel que le courrier \u00e9lectronique, les m\u00e9dias sociaux, le courrier postal ou le t\u00e9l\u00e9phone) afin de fournir des informations sur des publications, des \u00e9v\u00e9nements, de nouveaux services ou des produits susceptibles de les int\u00e9resser.<\/p>\n<p>Pour atteindre ces objectifs, il peut \u00eatre n\u00e9cessaire que nous transmettions les donn\u00e9es personnelles aux cat\u00e9gories de destinataires suivants\u2009: prestataires de services externes, clients et leurs repr\u00e9sentants, partenaires commerciaux avec qui nous pouvons \u00eatre amen\u00e9s \u00e0 collaborer.<\/p>\n<\/div><\/div><style type=\"text\/css\">.fusion-body .fusion-builder-column-1{width:100% !important;margin-top : 0px;margin-bottom : 20px;}.fusion-builder-column-1 > .fusion-column-wrapper {padding-top : 0px !important;padding-right : 0px !important;margin-right : 1.455%;padding-bottom : 0px !important;padding-left : 0px !important;margin-left : 1.455%;}@media only screen and (max-width:1024px) {.fusion-body .fusion-builder-column-1{width:100% !important;}.fusion-builder-column-1 > .fusion-column-wrapper {margin-right : 1.455%;margin-left : 1.455%;}}@media only screen and (max-width:640px) {.fusion-body .fusion-builder-column-1{width:100% !important;}.fusion-builder-column-1 > .fusion-column-wrapper {margin-right : 1.455%;margin-left : 1.455%;}}<\/style><\/div><div class=\"fusion-layout-column fusion_builder_column fusion-builder-column-2 fusion_builder_column_1_1 1_1 fusion-flex-column\"><div class=\"fusion-column-wrapper fusion-flex-justify-content-flex-start fusion-content-layout-column\" style=\"background-position:left top;background-repeat:no-repeat;-webkit-background-size:cover;-moz-background-size:cover;-o-background-size:cover;background-size:cover;padding: 0px 0px 0px 0px;\"><style type=\"text\/css\">@media only screen and (max-width:1024px) {.fusion-title.fusion-title-3{margin-top:10px!important; margin-right:0px!important;margin-bottom:10px!important;margin-left:0px!important;}}@media only screen and (max-width:640px) {.fusion-title.fusion-title-3{margin-top:10px!important; margin-right:0px!important;margin-bottom:7px!important; margin-left:0px!important;}}<\/style><div class=\"fusion-title title fusion-title-3 fusion-sep-none fusion-title-text fusion-title-size-two\" style=\"font-size:24px;margin-top:10px;margin-right:0px;margin-bottom:10px;margin-left:0px;\"><h2 class=\"title-heading-left fusion-responsive-typography-calculated\" style=\"margin:0;font-size:1em;--fontSize:24;--minFontSize:24px;line-height:1.2;\">Consentement et Contr\u00f4le<\/h2><\/div><div class=\"fusion-text fusion-text-3\"><p>En utilisant notre site internet, vous consentez \u00e0 la collecte et \u00e0 l&rsquo;utilisation de vos donn\u00e9es personnelles conform\u00e9ment \u00e0 notre politique de confidentialit\u00e9. Vous avez \u00e9galement le droit de retirer votre consentement \u00e0 tout moment en nous contactant via fwg[at]fwg-rosa[dot]com<\/p>\n<\/div><\/div><style type=\"text\/css\">.fusion-body .fusion-builder-column-2{width:100% !important;margin-top : 0px;margin-bottom : 20px;}.fusion-builder-column-2 > .fusion-column-wrapper {padding-top : 0px !important;padding-right : 0px !important;margin-right : 1.455%;padding-bottom : 0px !important;padding-left : 0px !important;margin-left : 1.455%;}@media only screen and (max-width:1024px) {.fusion-body .fusion-builder-column-2{width:100% !important;}.fusion-builder-column-2 > .fusion-column-wrapper {margin-right : 1.455%;margin-left : 1.455%;}}@media only screen and (max-width:640px) {.fusion-body .fusion-builder-column-2{width:100% !important;}.fusion-builder-column-2 > .fusion-column-wrapper {margin-right : 1.455%;margin-left : 1.455%;}}<\/style><\/div><div class=\"fusion-layout-column fusion_builder_column fusion-builder-column-3 fusion_builder_column_1_1 1_1 fusion-flex-column\"><div class=\"fusion-column-wrapper fusion-flex-justify-content-flex-start fusion-content-layout-column\" style=\"background-position:left top;background-repeat:no-repeat;-webkit-background-size:cover;-moz-background-size:cover;-o-background-size:cover;background-size:cover;padding: 0px 0px 0px 0px;\"><style type=\"text\/css\">@media only screen and (max-width:1024px) {.fusion-title.fusion-title-4{margin-top:10px!important; margin-right:0px!important;margin-bottom:10px!important;margin-left:0px!important;}}@media only screen and (max-width:640px) {.fusion-title.fusion-title-4{margin-top:10px!important; margin-right:0px!important;margin-bottom:7px!important; margin-left:0px!important;}}<\/style><div class=\"fusion-title title fusion-title-4 fusion-sep-none fusion-title-text fusion-title-size-two\" style=\"font-size:24px;margin-top:10px;margin-right:0px;margin-bottom:10px;margin-left:0px;\"><h2 class=\"title-heading-left fusion-responsive-typography-calculated\" style=\"margin:0;font-size:1em;--fontSize:24;--minFontSize:24px;line-height:1.2;\">S\u00e9curit\u00e9 des Donn\u00e9es<\/h2><\/div><div class=\"fusion-text fusion-text-4\"><p>Nous mettons en place des mesures de s\u00e9curit\u00e9 techniques et organisationnelles pour prot\u00e9ger vos donn\u00e9es personnelles contre tout acc\u00e8s non autoris\u00e9, perte, modification ou divulgation. Vos informations sont stock\u00e9es en toute s\u00e9curit\u00e9 et nous faisons tout notre possible pour garantir leur int\u00e9grit\u00e9.<\/p>\n<\/div><\/div><style type=\"text\/css\">.fusion-body .fusion-builder-column-3{width:100% !important;margin-top : 0px;margin-bottom : 20px;}.fusion-builder-column-3 > .fusion-column-wrapper {padding-top : 0px !important;padding-right : 0px !important;margin-right : 1.455%;padding-bottom : 0px !important;padding-left : 0px !important;margin-left : 1.455%;}@media only screen and (max-width:1024px) {.fusion-body .fusion-builder-column-3{width:100% !important;}.fusion-builder-column-3 > .fusion-column-wrapper {margin-right : 1.455%;margin-left : 1.455%;}}@media only screen and (max-width:640px) {.fusion-body .fusion-builder-column-3{width:100% !important;}.fusion-builder-column-3 > .fusion-column-wrapper {margin-right : 1.455%;margin-left : 1.455%;}}<\/style><\/div><div class=\"fusion-layout-column fusion_builder_column fusion-builder-column-4 fusion_builder_column_1_1 1_1 fusion-flex-column\"><div class=\"fusion-column-wrapper fusion-flex-justify-content-flex-start fusion-content-layout-column\" style=\"background-position:left top;background-repeat:no-repeat;-webkit-background-size:cover;-moz-background-size:cover;-o-background-size:cover;background-size:cover;padding: 0px 0px 0px 0px;\"><style type=\"text\/css\">@media only screen and (max-width:1024px) {.fusion-title.fusion-title-5{margin-top:10px!important; margin-right:0px!important;margin-bottom:10px!important;margin-left:0px!important;}}@media only screen and (max-width:640px) {.fusion-title.fusion-title-5{margin-top:10px!important; margin-right:0px!important;margin-bottom:7px!important; margin-left:0px!important;}}<\/style><div class=\"fusion-title title fusion-title-5 fusion-sep-none fusion-title-text fusion-title-size-two\" style=\"font-size:24px;margin-top:10px;margin-right:0px;margin-bottom:10px;margin-left:0px;\"><h2 class=\"title-heading-left fusion-responsive-typography-calculated\" style=\"margin:0;font-size:1em;--fontSize:24;--minFontSize:24px;line-height:1.2;\">Droits des Personnes Concern\u00e9es<\/h2><\/div><div class=\"fusion-text fusion-text-5\"><p>En tant que personne concern\u00e9e par le traitement de vos donn\u00e9es personnelles, vous avez le droit d&rsquo;acc\u00e9der \u00e0 vos donn\u00e9es, de les rectifier, de les effacer, de les transf\u00e9rer, de vous opposer au traitement ou de retirer votre consentement. Si vous souhaitez exercer l&rsquo;un de ces droits, veuillez nous contacter \u00e0 fwg[at]fwg-rosa[dot]com.<\/p>\n<\/div><\/div><style type=\"text\/css\">.fusion-body .fusion-builder-column-4{width:100% !important;margin-top : 0px;margin-bottom : 20px;}.fusion-builder-column-4 > .fusion-column-wrapper {padding-top : 0px !important;padding-right : 0px !important;margin-right : 1.455%;padding-bottom : 0px !important;padding-left : 0px !important;margin-left : 1.455%;}@media only screen and (max-width:1024px) {.fusion-body .fusion-builder-column-4{width:100% !important;}.fusion-builder-column-4 > .fusion-column-wrapper {margin-right : 1.455%;margin-left : 1.455%;}}@media only screen and (max-width:640px) {.fusion-body .fusion-builder-column-4{width:100% !important;}.fusion-builder-column-4 > .fusion-column-wrapper {margin-right : 1.455%;margin-left : 1.455%;}}<\/style><\/div><div class=\"fusion-layout-column fusion_builder_column fusion-builder-column-5 fusion_builder_column_1_1 1_1 fusion-flex-column\"><div class=\"fusion-column-wrapper fusion-flex-justify-content-flex-start fusion-content-layout-column\" style=\"background-position:left top;background-repeat:no-repeat;-webkit-background-size:cover;-moz-background-size:cover;-o-background-size:cover;background-size:cover;padding: 0px 0px 0px 0px;\"><style type=\"text\/css\">@media only screen and (max-width:1024px) {.fusion-title.fusion-title-6{margin-top:10px!important; margin-right:0px!important;margin-bottom:10px!important;margin-left:0px!important;}}@media only screen and (max-width:640px) {.fusion-title.fusion-title-6{margin-top:10px!important; margin-right:0px!important;margin-bottom:7px!important; margin-left:0px!important;}}<\/style><div class=\"fusion-title title fusion-title-6 fusion-sep-none fusion-title-text fusion-title-size-two\" style=\"font-size:24px;margin-top:10px;margin-right:0px;margin-bottom:10px;margin-left:0px;\"><h2 class=\"title-heading-left fusion-responsive-typography-calculated\" style=\"margin:0;font-size:1em;--fontSize:24;--minFontSize:24px;line-height:1.2;\">Contact<\/h2><\/div><div class=\"fusion-text fusion-text-6\"><p>Si vous avez des questions ou des pr\u00e9occupations concernant la mani\u00e8re dont nous traitons vos donn\u00e9es personnelles, ou si vous souhaitez exercer vos droits en mati\u00e8re de protection des donn\u00e9es, n&rsquo;h\u00e9sitez pas \u00e0 nous contacter \u00e0 l&rsquo;adresse fwg[at]fwg-rosa[dot]com. Vous serez alors en contact direct avec la personne responsable du traitement.<\/p>\n<p>Nous vous remercions de votre confiance et de l&rsquo;int\u00e9r\u00eat que vous portez \u00e0 FWG ROSA. Nous sommes d\u00e9termin\u00e9s \u00e0 prot\u00e9ger vos donn\u00e9es personnelles et \u00e0 respecter toutes les obligations l\u00e9gales qui y sont li\u00e9es.<\/p>\n<\/div><div class=\"fusion-separator fusion-full-width-sep\" style=\"align-self: center;margin-left: auto;margin-right: auto;margin-top:30px;margin-bottom:30px;width:100%;\"><div class=\"fusion-separator-border sep-single sep-solid\" style=\"border-color:var(--awb-color3);border-top-width:1px;\"><\/div><\/div><div class=\"fusion-text fusion-text-7\"><p><em>Derni\u00e8re mise \u00e0 jour : 12.10.2023. La port\u00e9e de ces informations est \u00e9tablie en fonction de la l\u00e9gislation et la jurisprudence en vigueur \u00e0 la date de la derni\u00e8re mise \u00e0 jour. FWG ROSA se r\u00e9serve le droit de modifier unilat\u00e9ralement, en tout temps et sans pr\u00e9avis, le contenu de cette d\u00e9claration.<\/em><\/p>\n<\/div><\/div><style type=\"text\/css\">.fusion-body .fusion-builder-column-5{width:100% !important;margin-top : 0px;margin-bottom : 20px;}.fusion-builder-column-5 > .fusion-column-wrapper {padding-top : 0px !important;padding-right : 0px !important;margin-right : 1.455%;padding-bottom : 0px !important;padding-left : 0px !important;margin-left : 1.455%;}@media only screen and (max-width:1024px) {.fusion-body .fusion-builder-column-5{width:100% !important;}.fusion-builder-column-5 > .fusion-column-wrapper {margin-right : 1.455%;margin-left : 1.455%;}}@media only screen and (max-width:640px) {.fusion-body .fusion-builder-column-5{width:100% !important;}.fusion-builder-column-5 > .fusion-column-wrapper {margin-right : 1.455%;margin-left : 1.455%;}}<\/style><\/div><\/div><style type=\"text\/css\">.fusion-body .fusion-flex-container.fusion-builder-row-1{ padding-top : 0px;margin-top : 0px;padding-right : 0px;padding-bottom : 0px;margin-bottom : 0px;padding-left : 0px;}<\/style><\/div>\n","protected":false},"excerpt":{"rendered":"","protected":false},"author":1,"featured_media":0,"parent":0,"menu_order":0,"comment_status":"closed","ping_status":"closed","template":"","meta":{"footnotes":""},"class_list":["post-104","page","type-page","status-publish","hentry"],"yoast_head":"<!-- This site is optimized with the Yoast SEO plugin v27.0 - https:\/\/yoast.com\/product\/yoast-seo-wordpress\/ -->\n<title>Protection des donn\u00e9es personnelles - FWG Rosa<\/title>\n<meta name=\"robots\" content=\"index, follow, max-snippet:-1, max-image-preview:large, max-video-preview:-1\" \/>\n<link rel=\"canonical\" href=\"https:\/\/fwg-rosa.com\/fr\/protection-des-donnes-personnelles\/\" \/>\n<meta property=\"og:locale\" content=\"fr_FR\" \/>\n<meta property=\"og:type\" content=\"article\" \/>\n<meta property=\"og:title\" content=\"Protection des donn\u00e9es personnelles - FWG Rosa\" \/>\n<meta property=\"og:url\" content=\"https:\/\/fwg-rosa.com\/fr\/protection-des-donnes-personnelles\/\" \/>\n<meta property=\"og:site_name\" content=\"FWG Rosa\" \/>\n<meta property=\"article:modified_time\" content=\"2023-11-13T14:39:12+00:00\" \/>\n<meta name=\"twitter:card\" content=\"summary_large_image\" \/>\n<meta name=\"twitter:label1\" content=\"Dur\u00e9e de lecture estim\u00e9e\" \/>\n\t<meta name=\"twitter:data1\" content=\"9 minutes\" \/>\n<script type=\"application\/ld+json\" class=\"yoast-schema-graph\">{\"@context\":\"https:\/\/schema.org\",\"@graph\":[{\"@type\":\"WebPage\",\"@id\":\"https:\/\/fwg-rosa.com\/fr\/protection-des-donnes-personnelles\/\",\"url\":\"https:\/\/fwg-rosa.com\/fr\/protection-des-donnes-personnelles\/\",\"name\":\"Protection des donn\u00e9es personnelles - FWG Rosa\",\"isPartOf\":{\"@id\":\"https:\/\/fwg-rosa.com\/fr\/#website\"},\"datePublished\":\"2020-11-16T15:34:48+00:00\",\"dateModified\":\"2023-11-13T14:39:12+00:00\",\"breadcrumb\":{\"@id\":\"https:\/\/fwg-rosa.com\/fr\/protection-des-donnes-personnelles\/#breadcrumb\"},\"inLanguage\":\"fr-FR\",\"potentialAction\":[{\"@type\":\"ReadAction\",\"target\":[\"https:\/\/fwg-rosa.com\/fr\/protection-des-donnes-personnelles\/\"]}]},{\"@type\":\"BreadcrumbList\",\"@id\":\"https:\/\/fwg-rosa.com\/fr\/protection-des-donnes-personnelles\/#breadcrumb\",\"itemListElement\":[{\"@type\":\"ListItem\",\"position\":1,\"name\":\"Accueil\",\"item\":\"https:\/\/fwg-rosa.com\/fr\/\"},{\"@type\":\"ListItem\",\"position\":2,\"name\":\"Protection des donn\u00e9es personnelles\"}]},{\"@type\":\"WebSite\",\"@id\":\"https:\/\/fwg-rosa.com\/fr\/#website\",\"url\":\"https:\/\/fwg-rosa.com\/fr\/\",\"name\":\"FWG Rosa\",\"description\":\"\",\"potentialAction\":[{\"@type\":\"SearchAction\",\"target\":{\"@type\":\"EntryPoint\",\"urlTemplate\":\"https:\/\/fwg-rosa.com\/fr\/?s={search_term_string}\"},\"query-input\":{\"@type\":\"PropertyValueSpecification\",\"valueRequired\":true,\"valueName\":\"search_term_string\"}}],\"inLanguage\":\"fr-FR\"}]}<\/script>\n<!-- \/ Yoast SEO plugin. -->","yoast_head_json":{"title":"Protection des donn\u00e9es personnelles - FWG Rosa","robots":{"index":"index","follow":"follow","max-snippet":"max-snippet:-1","max-image-preview":"max-image-preview:large","max-video-preview":"max-video-preview:-1"},"canonical":"https:\/\/fwg-rosa.com\/fr\/protection-des-donnes-personnelles\/","og_locale":"fr_FR","og_type":"article","og_title":"Protection des donn\u00e9es personnelles - FWG Rosa","og_url":"https:\/\/fwg-rosa.com\/fr\/protection-des-donnes-personnelles\/","og_site_name":"FWG Rosa","article_modified_time":"2023-11-13T14:39:12+00:00","twitter_card":"summary_large_image","twitter_misc":{"Dur\u00e9e de lecture estim\u00e9e":"9 minutes"},"schema":{"@context":"https:\/\/schema.org","@graph":[{"@type":"WebPage","@id":"https:\/\/fwg-rosa.com\/fr\/protection-des-donnes-personnelles\/","url":"https:\/\/fwg-rosa.com\/fr\/protection-des-donnes-personnelles\/","name":"Protection des donn\u00e9es personnelles - FWG Rosa","isPartOf":{"@id":"https:\/\/fwg-rosa.com\/fr\/#website"},"datePublished":"2020-11-16T15:34:48+00:00","dateModified":"2023-11-13T14:39:12+00:00","breadcrumb":{"@id":"https:\/\/fwg-rosa.com\/fr\/protection-des-donnes-personnelles\/#breadcrumb"},"inLanguage":"fr-FR","potentialAction":[{"@type":"ReadAction","target":["https:\/\/fwg-rosa.com\/fr\/protection-des-donnes-personnelles\/"]}]},{"@type":"BreadcrumbList","@id":"https:\/\/fwg-rosa.com\/fr\/protection-des-donnes-personnelles\/#breadcrumb","itemListElement":[{"@type":"ListItem","position":1,"name":"Accueil","item":"https:\/\/fwg-rosa.com\/fr\/"},{"@type":"ListItem","position":2,"name":"Protection des donn\u00e9es personnelles"}]},{"@type":"WebSite","@id":"https:\/\/fwg-rosa.com\/fr\/#website","url":"https:\/\/fwg-rosa.com\/fr\/","name":"FWG Rosa","description":"","potentialAction":[{"@type":"SearchAction","target":{"@type":"EntryPoint","urlTemplate":"https:\/\/fwg-rosa.com\/fr\/?s={search_term_string}"},"query-input":{"@type":"PropertyValueSpecification","valueRequired":true,"valueName":"search_term_string"}}],"inLanguage":"fr-FR"}]}},"_links":{"self":[{"href":"https:\/\/fwg-rosa.com\/fr\/wp-json\/wp\/v2\/pages\/104","targetHints":{"allow":["GET"]}}],"collection":[{"href":"https:\/\/fwg-rosa.com\/fr\/wp-json\/wp\/v2\/pages"}],"about":[{"href":"https:\/\/fwg-rosa.com\/fr\/wp-json\/wp\/v2\/types\/page"}],"author":[{"embeddable":true,"href":"https:\/\/fwg-rosa.com\/fr\/wp-json\/wp\/v2\/users\/1"}],"replies":[{"embeddable":true,"href":"https:\/\/fwg-rosa.com\/fr\/wp-json\/wp\/v2\/comments?post=104"}],"version-history":[{"count":5,"href":"https:\/\/fwg-rosa.com\/fr\/wp-json\/wp\/v2\/pages\/104\/revisions"}],"predecessor-version":[{"id":440,"href":"https:\/\/fwg-rosa.com\/fr\/wp-json\/wp\/v2\/pages\/104\/revisions\/440"}],"wp:attachment":[{"href":"https:\/\/fwg-rosa.com\/fr\/wp-json\/wp\/v2\/media?parent=104"}],"curies":[{"name":"wp","href":"https:\/\/api.w.org\/{rel}","templated":true}]}}